{"id":1643,"date":"2022-03-28T15:55:38","date_gmt":"2022-03-28T15:55:39","guid":{"rendered":"https:\/\/coachannainc.com\/?post_type=product&#038;p=1643"},"modified":"2022-04-19T19:51:14","modified_gmt":"2022-04-19T19:51:14","slug":"spinning","status":"publish","type":"product","link":"https:\/\/coachannainc.com\/fr\/product\/spinning\/","title":{"rendered":"Spinning"},"content":{"rendered":"<p>L&rsquo;entra\u00eeneur Anna apporte de l&rsquo;intensit\u00e9 \u00e0 tout ce qu&rsquo;elle fait et ce n&rsquo;est pas une exception aux cours qu&rsquo;elle donne. Sa devise \u00ab\u00a0SI CELA NE VOUS D\u00c9FIE PAS, CELA NE VOUS CHANGE PAS\u00a0\u00bb se manifeste vraiment dans ses routines et vous am\u00e8nera plus loin, plus fort, plus rapide et travaillant dur du d\u00e9but \u00e0 la fin. Ces man\u00e8ges sont bas\u00e9s sur la performance et d\u00e9fient les membres sur les objectifs de distance, beaucoup d&rsquo;entre eux atteignant leur record personnel ! Soutenue par Upbeat Music, et une liste de lecture d&rsquo;une soir\u00e9e afterhour, Anna apporte son exp\u00e9rience en tant que DJ de bo\u00eete de nuit directement au Spin Studio, ou \u00e0 la maison sans comp\u00e9tences de danse ni coordination requises !<\/p>\n","protected":false},"excerpt":{"rendered":"<p>L&rsquo;entra\u00eeneur Anna apporte de l&rsquo;intensit\u00e9 \u00e0 tout ce qu&rsquo;elle fait et ce n&rsquo;est pas une exception aux cours qu&rsquo;elle donne. Sa devise \u00ab\u00a0SI CELA NE VOUS D\u00c9FIE PAS, CELA NE VOUS CHANGE PAS\u00a0\u00bb se manifeste vraiment dans ses routines et vous am\u00e8nera plus loin, plus fort, plus rapide et travaillant dur du d\u00e9but \u00e0 la<\/p>\n","protected":false},"featured_media":1763,"comment_status":"open","ping_status":"closed","template":"","meta":[],"product_brand":[],"product_cat":[30],"product_tag":[],"class_list":{"0":"post-1643","1":"product","2":"type-product","3":"status-publish","4":"has-post-thumbnail","6":"product_cat-uncategorized-fr","8":"first","9":"outofstock","10":"sold-individually","11":"shipping-taxable","12":"purchasable","13":"product-type-variable"},"_links":{"self":[{"href":"https:\/\/coachannainc.com\/fr\/wp-json\/wp\/v2\/product\/1643","targetHints":{"allow":["GET"]}}],"collection":[{"href":"https:\/\/coachannainc.com\/fr\/wp-json\/wp\/v2\/product"}],"about":[{"href":"https:\/\/coachannainc.com\/fr\/wp-json\/wp\/v2\/types\/product"}],"replies":[{"embeddable":true,"href":"https:\/\/coachannainc.com\/fr\/wp-json\/wp\/v2\/comments?post=1643"}],"wp:featuredmedia":[{"embeddable":true,"href":"https:\/\/coachannainc.com\/fr\/wp-json\/wp\/v2\/media\/1763"}],"wp:attachment":[{"href":"https:\/\/coachannainc.com\/fr\/wp-json\/wp\/v2\/media?parent=1643"}],"wp:term":[{"taxonomy":"product_brand","embeddable":true,"href":"https:\/\/coachannainc.com\/fr\/wp-json\/wp\/v2\/product_brand?post=1643"},{"taxonomy":"product_cat","embeddable":true,"href":"https:\/\/coachannainc.com\/fr\/wp-json\/wp\/v2\/product_cat?post=1643"},{"taxonomy":"product_tag","embeddable":true,"href":"https:\/\/coachannainc.com\/fr\/wp-json\/wp\/v2\/product_tag?post=1643"}],"curies":[{"name":"wp","href":"https:\/\/api.w.org\/{rel}","templated":true}]}}