{"id":1588,"date":"2022-03-14T22:53:47","date_gmt":"2022-03-14T22:53:47","guid":{"rendered":"https:\/\/coachannainc.com\/product\/mommy-and-baby\/"},"modified":"2022-04-18T17:28:45","modified_gmt":"2022-04-18T17:28:45","slug":"mommy-and-baby","status":"publish","type":"product","link":"https:\/\/coachannainc.com\/fr\/product\/mommy-and-baby\/","title":{"rendered":"Maman Et B\u00e9b\u00e9"},"content":{"rendered":"<p>Le cours Maman et B\u00e9b\u00e9 propose aux parents (mamans, papas) une activit\u00e9 \u00e0 faire avec leurs petits \u00e0 l&rsquo;ext\u00e9rieur de la maison. Pendant l&rsquo;entra\u00eenement, votre b\u00e9b\u00e9 peut faire une sieste, jouer ou participer \u00e0 l&rsquo;entra\u00eenement. Ces entra\u00eenements sont tr\u00e8s l\u00e9gers et adaptables \u00e0 tous les niveaux. Alors sortez de ce quotidien et venez rencontrer d&rsquo;autres parents qui font de m\u00eame !<\/p>\n","protected":false},"excerpt":{"rendered":"<p>Le cours Maman et B\u00e9b\u00e9 propose aux parents (mamans, papas) une activit\u00e9 \u00e0 faire avec leurs petits \u00e0 l&rsquo;ext\u00e9rieur de la maison. Pendant l&rsquo;entra\u00eenement, votre b\u00e9b\u00e9 peut faire une sieste, jouer ou participer \u00e0 l&rsquo;entra\u00eenement. Ces entra\u00eenements sont tr\u00e8s l\u00e9gers et adaptables \u00e0 tous les niveaux. Alors sortez de ce quotidien et venez rencontrer d&rsquo;autres<\/p>\n","protected":false},"featured_media":1251,"comment_status":"open","ping_status":"closed","template":"","meta":[],"product_brand":[],"product_cat":[30],"product_tag":[],"class_list":{"0":"post-1588","1":"product","2":"type-product","3":"status-publish","4":"has-post-thumbnail","6":"product_cat-uncategorized-fr","8":"first","9":"instock","10":"sold-individually","11":"shipping-taxable","12":"purchasable","13":"product-type-variable-subscription"},"_links":{"self":[{"href":"https:\/\/coachannainc.com\/fr\/wp-json\/wp\/v2\/product\/1588","targetHints":{"allow":["GET"]}}],"collection":[{"href":"https:\/\/coachannainc.com\/fr\/wp-json\/wp\/v2\/product"}],"about":[{"href":"https:\/\/coachannainc.com\/fr\/wp-json\/wp\/v2\/types\/product"}],"replies":[{"embeddable":true,"href":"https:\/\/coachannainc.com\/fr\/wp-json\/wp\/v2\/comments?post=1588"}],"wp:featuredmedia":[{"embeddable":true,"href":"https:\/\/coachannainc.com\/fr\/wp-json\/wp\/v2\/media\/1251"}],"wp:attachment":[{"href":"https:\/\/coachannainc.com\/fr\/wp-json\/wp\/v2\/media?parent=1588"}],"wp:term":[{"taxonomy":"product_brand","embeddable":true,"href":"https:\/\/coachannainc.com\/fr\/wp-json\/wp\/v2\/product_brand?post=1588"},{"taxonomy":"product_cat","embeddable":true,"href":"https:\/\/coachannainc.com\/fr\/wp-json\/wp\/v2\/product_cat?post=1588"},{"taxonomy":"product_tag","embeddable":true,"href":"https:\/\/coachannainc.com\/fr\/wp-json\/wp\/v2\/product_tag?post=1588"}],"curies":[{"name":"wp","href":"https:\/\/api.w.org\/{rel}","templated":true}]}}