{"id":1580,"date":"2022-03-21T18:01:20","date_gmt":"2022-03-21T18:01:20","guid":{"rendered":"https:\/\/coachannainc.com\/product\/circuit-training\/"},"modified":"2022-04-19T20:38:27","modified_gmt":"2022-04-19T20:38:27","slug":"circuit-training","status":"publish","type":"product","link":"https:\/\/coachannainc.com\/fr\/product\/circuit-training\/","title":{"rendered":"Circuit"},"content":{"rendered":"<p>L&rsquo;entra\u00eenement en circuit est une classe d&rsquo;entra\u00eenement fonctionnel complet du corps avec l&rsquo;utilisation de divers types d&rsquo;\u00e9quipements. Pr\u00e9parez-vous \u00e0 pousser des tra\u00eeneaux, \u00e0 ramer, \u00e0 soulever des poids et \u00e0 affronter des cordes de combat avec cet entra\u00eenement \u00e0 haute intensit\u00e9.<\/p>\n","protected":false},"excerpt":{"rendered":"<p>L&rsquo;entra\u00eenement en circuit est une classe d&rsquo;entra\u00eenement fonctionnel complet du corps avec l&rsquo;utilisation de divers types d&rsquo;\u00e9quipements. Pr\u00e9parez-vous \u00e0 pousser des tra\u00eeneaux, \u00e0 ramer, \u00e0 soulever des poids et \u00e0 affronter des cordes de combat avec cet entra\u00eenement \u00e0 haute intensit\u00e9.<\/p>\n","protected":false},"featured_media":1255,"comment_status":"open","ping_status":"closed","template":"","meta":[],"product_brand":[],"product_cat":[30],"product_tag":[],"class_list":{"0":"post-1580","1":"product","2":"type-product","3":"status-publish","4":"has-post-thumbnail","6":"product_cat-uncategorized-fr","8":"first","9":"instock","10":"sold-individually","11":"shipping-taxable","12":"purchasable","13":"product-type-variable-subscription"},"_links":{"self":[{"href":"https:\/\/coachannainc.com\/fr\/wp-json\/wp\/v2\/product\/1580","targetHints":{"allow":["GET"]}}],"collection":[{"href":"https:\/\/coachannainc.com\/fr\/wp-json\/wp\/v2\/product"}],"about":[{"href":"https:\/\/coachannainc.com\/fr\/wp-json\/wp\/v2\/types\/product"}],"replies":[{"embeddable":true,"href":"https:\/\/coachannainc.com\/fr\/wp-json\/wp\/v2\/comments?post=1580"}],"wp:featuredmedia":[{"embeddable":true,"href":"https:\/\/coachannainc.com\/fr\/wp-json\/wp\/v2\/media\/1255"}],"wp:attachment":[{"href":"https:\/\/coachannainc.com\/fr\/wp-json\/wp\/v2\/media?parent=1580"}],"wp:term":[{"taxonomy":"product_brand","embeddable":true,"href":"https:\/\/coachannainc.com\/fr\/wp-json\/wp\/v2\/product_brand?post=1580"},{"taxonomy":"product_cat","embeddable":true,"href":"https:\/\/coachannainc.com\/fr\/wp-json\/wp\/v2\/product_cat?post=1580"},{"taxonomy":"product_tag","embeddable":true,"href":"https:\/\/coachannainc.com\/fr\/wp-json\/wp\/v2\/product_tag?post=1580"}],"curies":[{"name":"wp","href":"https:\/\/api.w.org\/{rel}","templated":true}]}}