{"id":1576,"date":"2022-03-21T20:24:18","date_gmt":"2022-03-21T20:24:18","guid":{"rendered":"https:\/\/coachannainc.com\/product\/velo-dinterieur\/"},"modified":"2022-04-20T19:11:08","modified_gmt":"2022-04-20T19:11:08","slug":"zumba","status":"publish","type":"product","link":"https:\/\/coachannainc.com\/fr\/product\/zumba\/","title":{"rendered":"Zumba"},"content":{"rendered":"<p>La Zumba est une soir\u00e9e dansante ! C&rsquo;est une forme d&rsquo;a\u00e9robie qui permet de se l\u00e2cher, de s&rsquo;amuser et de danser au rythme de la musique latine !<\/p>\n","protected":false},"excerpt":{"rendered":"<p>La Zumba est une soir\u00e9e dansante ! C&rsquo;est une forme d&rsquo;a\u00e9robie qui permet de se l\u00e2cher, de s&rsquo;amuser et de danser au rythme de la musique latine !<\/p>\n","protected":false},"featured_media":1819,"comment_status":"open","ping_status":"closed","template":"","meta":[],"product_brand":[],"product_cat":[30],"product_tag":[],"class_list":{"0":"post-1576","1":"product","2":"type-product","3":"status-publish","4":"has-post-thumbnail","6":"product_cat-uncategorized-fr","8":"first","9":"instock","10":"sold-individually","11":"shipping-taxable","12":"purchasable","13":"product-type-variable-subscription"},"_links":{"self":[{"href":"https:\/\/coachannainc.com\/fr\/wp-json\/wp\/v2\/product\/1576","targetHints":{"allow":["GET"]}}],"collection":[{"href":"https:\/\/coachannainc.com\/fr\/wp-json\/wp\/v2\/product"}],"about":[{"href":"https:\/\/coachannainc.com\/fr\/wp-json\/wp\/v2\/types\/product"}],"replies":[{"embeddable":true,"href":"https:\/\/coachannainc.com\/fr\/wp-json\/wp\/v2\/comments?post=1576"}],"wp:featuredmedia":[{"embeddable":true,"href":"https:\/\/coachannainc.com\/fr\/wp-json\/wp\/v2\/media\/1819"}],"wp:attachment":[{"href":"https:\/\/coachannainc.com\/fr\/wp-json\/wp\/v2\/media?parent=1576"}],"wp:term":[{"taxonomy":"product_brand","embeddable":true,"href":"https:\/\/coachannainc.com\/fr\/wp-json\/wp\/v2\/product_brand?post=1576"},{"taxonomy":"product_cat","embeddable":true,"href":"https:\/\/coachannainc.com\/fr\/wp-json\/wp\/v2\/product_cat?post=1576"},{"taxonomy":"product_tag","embeddable":true,"href":"https:\/\/coachannainc.com\/fr\/wp-json\/wp\/v2\/product_tag?post=1576"}],"curies":[{"name":"wp","href":"https:\/\/api.w.org\/{rel}","templated":true}]}}