{"id":1573,"date":"2022-03-22T19:07:55","date_gmt":"2022-03-22T19:07:55","guid":{"rendered":"https:\/\/coachannainc.com\/product\/tabata\/"},"modified":"2022-05-12T15:32:02","modified_gmt":"2022-05-12T15:32:02","slug":"tabata","status":"publish","type":"product","link":"https:\/\/coachannainc.com\/fr\/product\/tabata\/","title":{"rendered":"Tabata"},"content":{"rendered":"<p>Tabata se concentre principalement sur la force cardio et le poids corporel. Ces exercices chronom\u00e9tr\u00e9s conviennent \u00e0 tous les niveaux et vous permettent d&rsquo;aller \u00e0 votre rythme sans compter les r\u00e9p\u00e9titions. L&rsquo;utilisation de poids l\u00e9gers et de bandes est \u00e9galement parfois int\u00e9gr\u00e9e \u00e0 l&rsquo;entra\u00eenement.<\/p>\n","protected":false},"excerpt":{"rendered":"<p>Tabata se concentre principalement sur la force cardio et le poids corporel. Ces exercices chronom\u00e9tr\u00e9s conviennent \u00e0 tous les niveaux et vous permettent d&rsquo;aller \u00e0 votre rythme sans compter les r\u00e9p\u00e9titions. L&rsquo;utilisation de poids l\u00e9gers et de bandes est \u00e9galement parfois int\u00e9gr\u00e9e \u00e0 l&rsquo;entra\u00eenement.<\/p>\n","protected":false},"featured_media":1254,"comment_status":"open","ping_status":"closed","template":"","meta":[],"product_brand":[],"product_cat":[30],"product_tag":[],"class_list":{"0":"post-1573","1":"product","2":"type-product","3":"status-publish","4":"has-post-thumbnail","6":"product_cat-uncategorized-fr","8":"first","9":"instock","10":"sold-individually","11":"shipping-taxable","12":"purchasable","13":"product-type-variable-subscription"},"_links":{"self":[{"href":"https:\/\/coachannainc.com\/fr\/wp-json\/wp\/v2\/product\/1573","targetHints":{"allow":["GET"]}}],"collection":[{"href":"https:\/\/coachannainc.com\/fr\/wp-json\/wp\/v2\/product"}],"about":[{"href":"https:\/\/coachannainc.com\/fr\/wp-json\/wp\/v2\/types\/product"}],"replies":[{"embeddable":true,"href":"https:\/\/coachannainc.com\/fr\/wp-json\/wp\/v2\/comments?post=1573"}],"wp:featuredmedia":[{"embeddable":true,"href":"https:\/\/coachannainc.com\/fr\/wp-json\/wp\/v2\/media\/1254"}],"wp:attachment":[{"href":"https:\/\/coachannainc.com\/fr\/wp-json\/wp\/v2\/media?parent=1573"}],"wp:term":[{"taxonomy":"product_brand","embeddable":true,"href":"https:\/\/coachannainc.com\/fr\/wp-json\/wp\/v2\/product_brand?post=1573"},{"taxonomy":"product_cat","embeddable":true,"href":"https:\/\/coachannainc.com\/fr\/wp-json\/wp\/v2\/product_cat?post=1573"},{"taxonomy":"product_tag","embeddable":true,"href":"https:\/\/coachannainc.com\/fr\/wp-json\/wp\/v2\/product_tag?post=1573"}],"curies":[{"name":"wp","href":"https:\/\/api.w.org\/{rel}","templated":true}]}}