{"id":1391,"date":"2022-03-21T23:55:48","date_gmt":"2022-03-21T23:55:48","guid":{"rendered":"https:\/\/coachannainc.com\/about\/"},"modified":"2022-04-19T20:00:52","modified_gmt":"2022-04-19T20:00:52","slug":"about","status":"publish","type":"page","link":"https:\/\/coachannainc.com\/fr\/about\/","title":{"rendered":"Sur Nous"},"content":{"rendered":"\t\t<div data-elementor-type=\"wp-page\" data-elementor-id=\"1391\" class=\"elementor elementor-1391\" data-elementor-post-type=\"page\">\n\t\t\t\t\t\t<section class=\"elementor-section elementor-top-section elementor-element elementor-element-2190411 elementor-section-full_width elementor-section-height-min-height elementor-section-content-middle elementor-section-height-default elementor-section-items-middle\" data-id=\"2190411\" data-element_type=\"section\" data-e-type=\"section\" data-settings=\"{&quot;background_background&quot;:&quot;classic&quot;}\">\n\t\t\t\t\t\t<div class=\"elementor-container elementor-column-gap-default\">\n\t\t\t\t\t<div class=\"elementor-column elementor-col-100 elementor-top-column elementor-element elementor-element-7776e66\" data-id=\"7776e66\" data-element_type=\"column\" data-e-type=\"column\" data-settings=\"{&quot;background_background&quot;:&quot;classic&quot;}\">\n\t\t\t<div class=\"elementor-widget-wrap elementor-element-populated\">\n\t\t\t\t\t\t<section class=\"elementor-section elementor-inner-section elementor-element elementor-element-73a5e84 elementor-section-boxed elementor-section-height-default elementor-section-height-default\" data-id=\"73a5e84\" data-element_type=\"section\" data-e-type=\"section\">\n\t\t\t\t\t\t<div class=\"elementor-container elementor-column-gap-default\">\n\t\t\t\t\t<div class=\"elementor-column elementor-col-50 elementor-inner-column elementor-element elementor-element-7e0c4ef\" data-id=\"7e0c4ef\" data-element_type=\"column\" data-e-type=\"column\">\n\t\t\t<div class=\"elementor-widget-wrap elementor-element-populated\">\n\t\t\t\t\t\t<div class=\"elementor-element elementor-element-2eef124 elementor-widget elementor-widget-heading\" data-id=\"2eef124\" data-element_type=\"widget\" data-e-type=\"widget\" data-widget_type=\"heading.default\">\n\t\t\t\t<div class=\"elementor-widget-container\">\n\t\t\t\t\t<h2 class=\"elementor-heading-title elementor-size-default\">Sur Nous<\/h2>\t\t\t\t<\/div>\n\t\t\t\t<\/div>\n\t\t\t\t\t<\/div>\n\t\t<\/div>\n\t\t\t\t<div class=\"elementor-column elementor-col-50 elementor-inner-column elementor-element elementor-element-8b1ee57\" data-id=\"8b1ee57\" data-element_type=\"column\" data-e-type=\"column\">\n\t\t\t<div class=\"elementor-widget-wrap\">\n\t\t\t\t\t\t\t<\/div>\n\t\t<\/div>\n\t\t\t\t\t<\/div>\n\t\t<\/section>\n\t\t\t\t\t<\/div>\n\t\t<\/div>\n\t\t\t\t\t<\/div>\n\t\t<\/section>\n\t\t\t\t<section class=\"elementor-section elementor-top-section elementor-element elementor-element-45d593b elementor-section-full_width elementor-section-height-default elementor-section-height-default\" data-id=\"45d593b\" data-element_type=\"section\" data-e-type=\"section\" data-settings=\"{&quot;background_background&quot;:&quot;classic&quot;}\">\n\t\t\t\t\t\t<div class=\"elementor-container elementor-column-gap-default\">\n\t\t\t\t\t<div class=\"elementor-column elementor-col-100 elementor-top-column elementor-element elementor-element-0220b1b\" data-id=\"0220b1b\" data-element_type=\"column\" data-e-type=\"column\">\n\t\t\t<div class=\"elementor-widget-wrap elementor-element-populated\">\n\t\t\t\t\t\t<section class=\"elementor-section elementor-inner-section elementor-element elementor-element-0e5a0df elementor-section-boxed elementor-section-height-default elementor-section-height-default\" data-id=\"0e5a0df\" data-element_type=\"section\" data-e-type=\"section\">\n\t\t\t\t\t\t<div class=\"elementor-container elementor-column-gap-default\">\n\t\t\t\t\t<div class=\"elementor-column elementor-col-50 elementor-inner-column elementor-element elementor-element-2297c54\" data-id=\"2297c54\" data-element_type=\"column\" data-e-type=\"column\">\n\t\t\t<div class=\"elementor-widget-wrap elementor-element-populated\">\n\t\t\t\t\t\t<div class=\"elementor-element elementor-element-0d02413 elementor-widget elementor-widget-text-editor\" data-id=\"0d02413\" data-element_type=\"widget\" data-e-type=\"widget\" data-widget_type=\"text-editor.default\">\n\t\t\t\t<div class=\"elementor-widget-container\">\n\t\t\t\t\t\t\t\t\t<p>Coach Anna Inc est dirig\u00e9e par Chef l&rsquo;entra\u00eeneur et Instructeur de conditionnement Physique Anna Wojcik. Nous vous proposons des Entra\u00eenements Dynamiques qui conviennent \u00e0 tous les styles, \u00e0 tous les calibres et \u00e0 tous les objectifs. Que vous soyez d\u00e9butant ou \u00e0 la recherche d&rsquo;un d\u00e9fi, ces cours en petit groupe sont donner par un Formateur Certifi\u00e9 qui vous guidera et vous poussera \u00e0 devenir une meilleure version de vous-m\u00eame.<\/p>\t\t\t\t\t\t\t\t<\/div>\n\t\t\t\t<\/div>\n\t\t\t\t<div class=\"elementor-element elementor-element-127e594 elementor-widget elementor-widget-text-editor\" data-id=\"127e594\" data-element_type=\"widget\" data-e-type=\"widget\" data-widget_type=\"text-editor.default\">\n\t\t\t\t<div class=\"elementor-widget-container\">\n\t\t\t\t\t\t\t\t\t<p>Apart des cours en groupe, Coach Anna Inc est \u00e9galement sp\u00e9cialis\u00e9e dans l&rsquo;entra\u00eenement Personnel, qu&rsquo;il s&rsquo;agisse d&rsquo;un entra\u00eenement Individuel, en Partenaire, ou d&rsquo;un entra\u00eenement priv\u00e9 en petit groupe. Ces Entra\u00eenements sont Sp\u00e9cialement con\u00e7us pour r\u00e9pondre aux objectifs des clients et incluent des conseils nutritionnels<\/p>\t\t\t\t\t\t\t\t<\/div>\n\t\t\t\t<\/div>\n\t\t\t\t\t<\/div>\n\t\t<\/div>\n\t\t\t\t<div class=\"elementor-column elementor-col-50 elementor-inner-column elementor-element elementor-element-85d4855\" data-id=\"85d4855\" data-element_type=\"column\" data-e-type=\"column\">\n\t\t\t<div class=\"elementor-widget-wrap elementor-element-populated\">\n\t\t\t\t\t\t<div class=\"elementor-element elementor-element-816c7a1 elementor-widget elementor-widget-image\" data-id=\"816c7a1\" data-element_type=\"widget\" data-e-type=\"widget\" data-widget_type=\"image.default\">\n\t\t\t\t<div class=\"elementor-widget-container\">\n\t\t\t\t\t\t\t\t\t\t\t\t\t\t\t<img fetchpriority=\"high\" decoding=\"async\" width=\"2560\" height=\"1707\" src=\"https:\/\/coachannainc.com\/wp-content\/uploads\/2022\/01\/Image-1-scaled.jpg\" class=\"attachment-full size-full wp-image-879\" alt=\"\" srcset=\"https:\/\/coachannainc.com\/wp-content\/uploads\/2022\/01\/Image-1-scaled.jpg 2560w, https:\/\/coachannainc.com\/wp-content\/uploads\/2022\/01\/Image-1-600x400.jpg 600w\" sizes=\"(max-width: 2560px) 100vw, 2560px\" \/>\t\t\t\t\t\t\t\t\t\t\t\t\t\t\t<\/div>\n\t\t\t\t<\/div>\n\t\t\t\t\t<\/div>\n\t\t<\/div>\n\t\t\t\t\t<\/div>\n\t\t<\/section>\n\t\t\t\t\t<\/div>\n\t\t<\/div>\n\t\t\t\t\t<\/div>\n\t\t<\/section>\n\t\t\t\t<\/div>\n\t\t","protected":false},"excerpt":{"rendered":"<p>Sur Nous Coach Anna Inc est dirig\u00e9e par Chef l&rsquo;entra\u00eeneur et Instructeur de conditionnement Physique Anna Wojcik. Nous vous proposons des Entra\u00eenements Dynamiques qui conviennent \u00e0 tous les styles, \u00e0 tous les calibres et \u00e0 tous les objectifs. Que vous soyez d\u00e9butant ou \u00e0 la recherche d&rsquo;un d\u00e9fi, ces cours en petit groupe sont donner<\/p>\n","protected":false},"author":1,"featured_media":0,"parent":0,"menu_order":0,"comment_status":"closed","ping_status":"closed","template":"elementor_header_footer","meta":{"footnotes":""},"class_list":["post-1391","page","type-page","status-publish","hentry"],"_links":{"self":[{"href":"https:\/\/coachannainc.com\/fr\/wp-json\/wp\/v2\/pages\/1391","targetHints":{"allow":["GET"]}}],"collection":[{"href":"https:\/\/coachannainc.com\/fr\/wp-json\/wp\/v2\/pages"}],"about":[{"href":"https:\/\/coachannainc.com\/fr\/wp-json\/wp\/v2\/types\/page"}],"author":[{"embeddable":true,"href":"https:\/\/coachannainc.com\/fr\/wp-json\/wp\/v2\/users\/1"}],"replies":[{"embeddable":true,"href":"https:\/\/coachannainc.com\/fr\/wp-json\/wp\/v2\/comments?post=1391"}],"version-history":[{"count":5,"href":"https:\/\/coachannainc.com\/fr\/wp-json\/wp\/v2\/pages\/1391\/revisions"}],"predecessor-version":[{"id":2141,"href":"https:\/\/coachannainc.com\/fr\/wp-json\/wp\/v2\/pages\/1391\/revisions\/2141"}],"wp:attachment":[{"href":"https:\/\/coachannainc.com\/fr\/wp-json\/wp\/v2\/media?parent=1391"}],"curies":[{"name":"wp","href":"https:\/\/api.w.org\/{rel}","templated":true}]}}